{"id":1096,"date":"2017-12-18T15:24:00","date_gmt":"2017-12-18T14:24:00","guid":{"rendered":"https:\/\/lexcase.com\/lexcase-avocatsentrepreneurs\/"},"modified":"2018-12-18T09:24:47","modified_gmt":"2018-12-18T08:24:47","slug":"lexcase-avocatsentrepreneurs","status":"publish","type":"page","link":"https:\/\/lexcase.com\/en\/","title":{"rendered":"LexCase #entrepreneurslawyers"},"content":{"rendered":"","protected":false},"excerpt":{"rendered":"","protected":false},"author":7,"featured_media":879,"parent":0,"menu_order":15,"comment_status":"closed","ping_status":"closed","template":"","meta":{"_acf_changed":false,"footnotes":""},"class_list":["post-1096","page","type-page","status-publish","has-post-thumbnail","hentry"],"acf":[],"yoast_head":"<!-- This site is optimized with the Yoast SEO plugin v27.4 - https:\/\/yoast.com\/product\/yoast-seo-wordpress\/ -->\n<title>LexCase - Avocats<\/title>\n<meta name=\"description\" content=\"Une offre juridique compl\u00e8te, un cabinet partenaire : LexCase vous accompagne dans la r\u00e9ussite de tous vos projets R\u00e9gional, national et international, LexCase vous accompagne au plus pr\u00e8s de vos projets.\" \/>\n<meta name=\"robots\" content=\"index, follow, max-snippet:-1, max-image-preview:large, max-video-preview:-1\" \/>\n<link rel=\"canonical\" href=\"https:\/\/lexcase.com\/en\/\" \/>\n<meta property=\"og:locale\" content=\"en_US\" \/>\n<meta property=\"og:type\" content=\"article\" \/>\n<meta property=\"og:title\" content=\"LexCase - Avocats\" \/>\n<meta property=\"og:description\" content=\"Une offre juridique compl\u00e8te, un cabinet partenaire : LexCase vous accompagne dans la r\u00e9ussite de tous vos projets R\u00e9gional, national et international, LexCase vous accompagne au plus pr\u00e8s de vos projets.\" \/>\n<meta property=\"og:url\" content=\"https:\/\/lexcase.com\/en\/\" \/>\n<meta property=\"og:site_name\" content=\"LexCase\" \/>\n<meta property=\"article:modified_time\" content=\"2018-12-18T08:24:47+00:00\" \/>\n<meta property=\"og:image\" content=\"https:\/\/lexcase.com\/wp-content\/uploads\/2017\/12\/638601140.png\" \/>\n\t<meta property=\"og:image:width\" content=\"1920\" \/>\n\t<meta property=\"og:image:height\" content=\"820\" \/>\n\t<meta property=\"og:image:type\" content=\"image\/png\" \/>\n<meta name=\"twitter:card\" content=\"summary_large_image\" \/>\n<meta name=\"twitter:site\" content=\"@LexCaseAvocats\" \/>\n<script type=\"application\/ld+json\" class=\"yoast-schema-graph\">{\"@context\":\"https:\\\/\\\/schema.org\",\"@graph\":[{\"@type\":\"WebPage\",\"@id\":\"https:\\\/\\\/lexcase.com\\\/en\\\/\",\"url\":\"https:\\\/\\\/lexcase.com\\\/en\\\/\",\"name\":\"LexCase - Avocats\",\"isPartOf\":{\"@id\":\"https:\\\/\\\/lexcase.com\\\/#website\"},\"primaryImageOfPage\":{\"@id\":\"https:\\\/\\\/lexcase.com\\\/en\\\/#primaryimage\"},\"image\":{\"@id\":\"https:\\\/\\\/lexcase.com\\\/en\\\/#primaryimage\"},\"thumbnailUrl\":\"https:\\\/\\\/lexcase.com\\\/wp-content\\\/uploads\\\/2017\\\/12\\\/638601140.png\",\"datePublished\":\"2017-12-18T14:24:00+00:00\",\"dateModified\":\"2018-12-18T08:24:47+00:00\",\"description\":\"Une offre juridique compl\u00e8te, un cabinet partenaire : LexCase vous accompagne dans la r\u00e9ussite de tous vos projets R\u00e9gional, national et international, LexCase vous accompagne au plus pr\u00e8s de vos projets.\",\"breadcrumb\":{\"@id\":\"https:\\\/\\\/lexcase.com\\\/en\\\/#breadcrumb\"},\"inLanguage\":\"en-US\",\"potentialAction\":[{\"@type\":\"ReadAction\",\"target\":[\"https:\\\/\\\/lexcase.com\\\/en\\\/\"]}]},{\"@type\":\"ImageObject\",\"inLanguage\":\"en-US\",\"@id\":\"https:\\\/\\\/lexcase.com\\\/en\\\/#primaryimage\",\"url\":\"https:\\\/\\\/lexcase.com\\\/wp-content\\\/uploads\\\/2017\\\/12\\\/638601140.png\",\"contentUrl\":\"https:\\\/\\\/lexcase.com\\\/wp-content\\\/uploads\\\/2017\\\/12\\\/638601140.png\",\"width\":1920,\"height\":820},{\"@type\":\"BreadcrumbList\",\"@id\":\"https:\\\/\\\/lexcase.com\\\/en\\\/#breadcrumb\",\"itemListElement\":[{\"@type\":\"ListItem\",\"position\":1,\"name\":\"Accueil\",\"item\":\"https:\\\/\\\/lexcase.com\\\/en\\\/\"},{\"@type\":\"ListItem\",\"position\":2,\"name\":\"LexCase #entrepreneurslawyers\"}]},{\"@type\":\"WebSite\",\"@id\":\"https:\\\/\\\/lexcase.com\\\/#website\",\"url\":\"https:\\\/\\\/lexcase.com\\\/\",\"name\":\"LexCase\",\"description\":\"Avocats #avocatsentrepreneurs\",\"potentialAction\":[{\"@type\":\"SearchAction\",\"target\":{\"@type\":\"EntryPoint\",\"urlTemplate\":\"https:\\\/\\\/lexcase.com\\\/?s={search_term_string}\"},\"query-input\":{\"@type\":\"PropertyValueSpecification\",\"valueRequired\":true,\"valueName\":\"search_term_string\"}}],\"inLanguage\":\"en-US\"}]}<\/script>\n<!-- \/ Yoast SEO plugin. -->","yoast_head_json":{"title":"LexCase - Avocats","description":"Une offre juridique compl\u00e8te, un cabinet partenaire : LexCase vous accompagne dans la r\u00e9ussite de tous vos projets R\u00e9gional, national et international, LexCase vous accompagne au plus pr\u00e8s de vos projets.","robots":{"index":"index","follow":"follow","max-snippet":"max-snippet:-1","max-image-preview":"max-image-preview:large","max-video-preview":"max-video-preview:-1"},"canonical":"https:\/\/lexcase.com\/en\/","og_locale":"en_US","og_type":"article","og_title":"LexCase - Avocats","og_description":"Une offre juridique compl\u00e8te, un cabinet partenaire : LexCase vous accompagne dans la r\u00e9ussite de tous vos projets R\u00e9gional, national et international, LexCase vous accompagne au plus pr\u00e8s de vos projets.","og_url":"https:\/\/lexcase.com\/en\/","og_site_name":"LexCase","article_modified_time":"2018-12-18T08:24:47+00:00","og_image":[{"width":1920,"height":820,"url":"https:\/\/lexcase.com\/wp-content\/uploads\/2017\/12\/638601140.png","type":"image\/png"}],"twitter_card":"summary_large_image","twitter_site":"@LexCaseAvocats","schema":{"@context":"https:\/\/schema.org","@graph":[{"@type":"WebPage","@id":"https:\/\/lexcase.com\/en\/","url":"https:\/\/lexcase.com\/en\/","name":"LexCase - Avocats","isPartOf":{"@id":"https:\/\/lexcase.com\/#website"},"primaryImageOfPage":{"@id":"https:\/\/lexcase.com\/en\/#primaryimage"},"image":{"@id":"https:\/\/lexcase.com\/en\/#primaryimage"},"thumbnailUrl":"https:\/\/lexcase.com\/wp-content\/uploads\/2017\/12\/638601140.png","datePublished":"2017-12-18T14:24:00+00:00","dateModified":"2018-12-18T08:24:47+00:00","description":"Une offre juridique compl\u00e8te, un cabinet partenaire : LexCase vous accompagne dans la r\u00e9ussite de tous vos projets R\u00e9gional, national et international, LexCase vous accompagne au plus pr\u00e8s de vos projets.","breadcrumb":{"@id":"https:\/\/lexcase.com\/en\/#breadcrumb"},"inLanguage":"en-US","potentialAction":[{"@type":"ReadAction","target":["https:\/\/lexcase.com\/en\/"]}]},{"@type":"ImageObject","inLanguage":"en-US","@id":"https:\/\/lexcase.com\/en\/#primaryimage","url":"https:\/\/lexcase.com\/wp-content\/uploads\/2017\/12\/638601140.png","contentUrl":"https:\/\/lexcase.com\/wp-content\/uploads\/2017\/12\/638601140.png","width":1920,"height":820},{"@type":"BreadcrumbList","@id":"https:\/\/lexcase.com\/en\/#breadcrumb","itemListElement":[{"@type":"ListItem","position":1,"name":"Accueil","item":"https:\/\/lexcase.com\/en\/"},{"@type":"ListItem","position":2,"name":"LexCase #entrepreneurslawyers"}]},{"@type":"WebSite","@id":"https:\/\/lexcase.com\/#website","url":"https:\/\/lexcase.com\/","name":"LexCase","description":"Avocats #avocatsentrepreneurs","potentialAction":[{"@type":"SearchAction","target":{"@type":"EntryPoint","urlTemplate":"https:\/\/lexcase.com\/?s={search_term_string}"},"query-input":{"@type":"PropertyValueSpecification","valueRequired":true,"valueName":"search_term_string"}}],"inLanguage":"en-US"}]}},"_links":{"self":[{"href":"https:\/\/lexcase.com\/en\/wp-json\/wp\/v2\/pages\/1096","targetHints":{"allow":["GET"]}}],"collection":[{"href":"https:\/\/lexcase.com\/en\/wp-json\/wp\/v2\/pages"}],"about":[{"href":"https:\/\/lexcase.com\/en\/wp-json\/wp\/v2\/types\/page"}],"author":[{"embeddable":true,"href":"https:\/\/lexcase.com\/en\/wp-json\/wp\/v2\/users\/7"}],"replies":[{"embeddable":true,"href":"https:\/\/lexcase.com\/en\/wp-json\/wp\/v2\/comments?post=1096"}],"version-history":[{"count":5,"href":"https:\/\/lexcase.com\/en\/wp-json\/wp\/v2\/pages\/1096\/revisions"}],"predecessor-version":[{"id":1761,"href":"https:\/\/lexcase.com\/en\/wp-json\/wp\/v2\/pages\/1096\/revisions\/1761"}],"wp:featuredmedia":[{"embeddable":true,"href":"https:\/\/lexcase.com\/en\/wp-json\/wp\/v2\/media\/879"}],"wp:attachment":[{"href":"https:\/\/lexcase.com\/en\/wp-json\/wp\/v2\/media?parent=1096"}],"curies":[{"name":"wp","href":"https:\/\/api.w.org\/{rel}","templated":true}]}}